{"id":7544,"date":"2026-04-06T00:00:26","date_gmt":"2026-04-05T21:00:26","guid":{"rendered":"https:\/\/iqostereacihaz.com\/?post_type=product&#038;p=7544"},"modified":"2026-04-06T00:01:06","modified_gmt":"2026-04-05T21:01:06","slug":"i-prime-electric-purple","status":"publish","type":"product","link":"https:\/\/iqostereacihaz.com\/en\/product\/i-prime-electric-purple\/","title":{"rendered":"\u0130 PR\u0130ME ELECTR\u0130C PURPLE"},"content":{"rendered":"","protected":false},"excerpt":{"rendered":"<div class=\"qwen-markdown-paragraph\"><strong class=\"qwen-markdown-strong\"><span class=\"qwen-markdown-text\">Teknoloji:<\/span><\/strong><\/div>\n<ul class=\"qwen-markdown-list\" dir=\"auto\">\n<li><strong class=\"qwen-markdown-strong\"><span class=\"qwen-markdown-text\">SMARTCORE INDUCTION SYSTEM\u2122<\/span><\/strong><span class=\"qwen-markdown-text\">\u00a0\u2013 B\u0131\u00e7aks\u0131z \u0131s\u0131tma teknolojisi, temizlik gerektirmez ve yanmay\u0131 \u00f6nler<\/span><\/li>\n<li><span class=\"qwen-markdown-text\">Dokunmatik ekran aray\u00fcz\u00fc ve geli\u015fmi\u015f kontroller<\/span><\/li>\n<li><strong class=\"qwen-markdown-strong\"><span class=\"qwen-markdown-text\">Duraklatma Modu<\/span><\/strong><span class=\"qwen-markdown-text\">\u00a0\u2013 TEREA \u00e7ubu\u011funu bo\u015fa harcamadan seans\u0131n\u0131z\u0131 duraklatabilirsiniz<\/span><\/li>\n<li><span class=\"qwen-markdown-text\">Otomatik ba\u015flatma\/durdurma fonksiyonu<\/span><\/li>\n<\/ul>\n<div class=\"qwen-markdown-space\"><\/div>\n<div class=\"qwen-markdown-paragraph\"><strong class=\"qwen-markdown-strong\"><span class=\"qwen-markdown-text\">Pil Performans\u0131:<\/span><\/strong><\/div>\n<ul class=\"qwen-markdown-list\" dir=\"auto\">\n<li><span class=\"qwen-markdown-text\">Tam \u015farjla\u00a0<\/span><strong class=\"qwen-markdown-strong\"><span class=\"qwen-markdown-text\">20\u2019ye kadar kullan\u0131m<\/span><\/strong><\/li>\n<li><span class=\"qwen-markdown-text\">\u015earj etmeden\u00a0<\/span><strong class=\"qwen-markdown-strong\"><span class=\"qwen-markdown-text\">3 ard\u0131\u015f\u0131k kullan\u0131m<\/span><\/strong><\/li>\n<li><span class=\"qwen-markdown-text\">Pil kapasitesi: ~2380-2700 mAh (cep \u015farj cihaz\u0131)<\/span><\/li>\n<li><span class=\"qwen-markdown-text\">Tam \u015farj s\u00fcresi: Yakla\u015f\u0131k\u00a0<\/span><strong class=\"qwen-markdown-strong\"><span class=\"qwen-markdown-text\">2 saat 15 dakika<\/span><\/strong><\/li>\n<li><span class=\"qwen-markdown-text\">USB-C Tipi \u015farj<\/span><\/li>\n<\/ul>\n<div class=\"qwen-markdown-space\"><\/div>\n<div class=\"qwen-markdown-paragraph\"><strong class=\"qwen-markdown-strong\"><span class=\"qwen-markdown-text\">Teknik \u00d6zellikler:<\/span><\/strong><\/div>\n<ul class=\"qwen-markdown-list\" dir=\"auto\">\n<li><span class=\"qwen-markdown-text\">Uyumlu: Sadece\u00a0<\/span><strong class=\"qwen-markdown-strong\"><span class=\"qwen-markdown-text\">TEREA \u00e7ubuklar\u0131<\/span><\/strong><\/li>\n<li><span class=\"qwen-markdown-text\">Is\u0131tma s\u0131cakl\u0131\u011f\u0131: 350\u00b0C<\/span><\/li>\n<li><span class=\"qwen-markdown-text\">Seans s\u00fcresi: 6 dakika veya 14 nefes<\/span><\/li>\n<li><span class=\"qwen-markdown-text\">A\u011f\u0131rl\u0131k: Yakla\u015f\u0131k 147-171g<\/span><\/li>\n<\/ul>","protected":false},"featured_media":0,"comment_status":"open","ping_status":"closed","template":"","meta":[],"product_brand":[],"product_cat":[115],"product_tag":[],"class_list":{"0":"post-7544","1":"product","2":"type-product","3":"status-publish","5":"product_cat-iqos-iluma","7":"first","8":"instock","9":"sale","10":"taxable","11":"shipping-taxable","12":"purchasable","13":"product-type-simple"},"_links":{"self":[{"href":"https:\/\/iqostereacihaz.com\/en\/wp-json\/wp\/v2\/product\/7544","targetHints":{"allow":["GET"]}}],"collection":[{"href":"https:\/\/iqostereacihaz.com\/en\/wp-json\/wp\/v2\/product"}],"about":[{"href":"https:\/\/iqostereacihaz.com\/en\/wp-json\/wp\/v2\/types\/product"}],"replies":[{"embeddable":true,"href":"https:\/\/iqostereacihaz.com\/en\/wp-json\/wp\/v2\/comments?post=7544"}],"wp:attachment":[{"href":"https:\/\/iqostereacihaz.com\/en\/wp-json\/wp\/v2\/media?parent=7544"}],"wp:term":[{"taxonomy":"product_brand","embeddable":true,"href":"https:\/\/iqostereacihaz.com\/en\/wp-json\/wp\/v2\/product_brand?post=7544"},{"taxonomy":"product_cat","embeddable":true,"href":"https:\/\/iqostereacihaz.com\/en\/wp-json\/wp\/v2\/product_cat?post=7544"},{"taxonomy":"product_tag","embeddable":true,"href":"https:\/\/iqostereacihaz.com\/en\/wp-json\/wp\/v2\/product_tag?post=7544"}],"curies":[{"name":"wp","href":"https:\/\/api.w.org\/{rel}","templated":true}]}}